{"id":3751,"date":"2023-03-04T11:32:00","date_gmt":"2023-03-04T11:32:00","guid":{"rendered":"https:\/\/proafed.com\/new\/associacions\/"},"modified":"2026-01-17T18:53:50","modified_gmt":"2026-01-17T18:53:50","slug":"asociaciones","status":"publish","type":"page","link":"https:\/\/proafed.com\/es\/asociaciones\/","title":{"rendered":"Asociaciones"},"content":{"rendered":"<p>PROA est\u00e1 formada por siete asociaciones que nos dan una visi\u00f3n amplia del sector audiovisual y una mayor capacidad de influencia. Cinco de ellas son sectoriales (videojuegos, animaci\u00f3n documental, ficci\u00f3n y televisi\u00f3n) y dos generalistas (Islas Baleares y Comunidad Valenciana). Todas ellas colaboran para hacer avanzar la producci\u00f3n audiovisual. <\/p>\n","protected":false},"excerpt":{"rendered":"<p>PROA est\u00e1 formada por siete asociaciones que nos dan una visi\u00f3n amplia del sector audiovisual y una mayor capacidad de influencia. Cinco de ellas son sectoriales (videojuegos, animaci\u00f3n documental, ficci\u00f3n y televisi\u00f3n) y dos generalistas (Islas Baleares y Comunidad Valenciana). Todas ellas colaboran para hacer avanzar la producci\u00f3n audiovisual.<\/p>\n","protected":false},"author":1,"featured_media":0,"parent":0,"menu_order":0,"comment_status":"closed","ping_status":"closed","template":"page-associacions.php","meta":{"_acf_changed":false,"inline_featured_image":false,"footnotes":""},"class_list":["post-3751","page","type-page","status-publish","hentry"],"acf":[],"_links":{"self":[{"href":"https:\/\/proafed.com\/es\/wp-json\/wp\/v2\/pages\/3751","targetHints":{"allow":["GET"]}}],"collection":[{"href":"https:\/\/proafed.com\/es\/wp-json\/wp\/v2\/pages"}],"about":[{"href":"https:\/\/proafed.com\/es\/wp-json\/wp\/v2\/types\/page"}],"author":[{"embeddable":true,"href":"https:\/\/proafed.com\/es\/wp-json\/wp\/v2\/users\/1"}],"replies":[{"embeddable":true,"href":"https:\/\/proafed.com\/es\/wp-json\/wp\/v2\/comments?post=3751"}],"version-history":[{"count":1,"href":"https:\/\/proafed.com\/es\/wp-json\/wp\/v2\/pages\/3751\/revisions"}],"predecessor-version":[{"id":18492,"href":"https:\/\/proafed.com\/es\/wp-json\/wp\/v2\/pages\/3751\/revisions\/18492"}],"wp:attachment":[{"href":"https:\/\/proafed.com\/es\/wp-json\/wp\/v2\/media?parent=3751"}],"curies":[{"name":"wp","href":"https:\/\/api.w.org\/{rel}","templated":true}]}}