{"id":3837,"date":"2023-05-24T20:12:27","date_gmt":"2023-05-24T20:12:27","guid":{"rendered":"https:\/\/proafed.com\/new\/asociaciones\/protv-documentacio\/"},"modified":"2023-06-07T23:05:23","modified_gmt":"2023-06-07T23:05:23","slug":"protv-documentacion","status":"publish","type":"page","link":"https:\/\/proafed.com\/es\/asociaciones\/protv-documentacion\/","title":{"rendered":"ProTV Documentaci\u00f3n"},"content":{"rendered":"<p class=\"narrow600 center upper s36\">\u00bfQuieres acceder a este contenido?<\/p>\n<p>Como miembro de ProTV, participar\u00e1s en la toma de decisiones de las productoras audiovisuales y acceder\u00e1s a recursos exclusivos que har\u00e1n crecer tu negocio, como estudios jornadas formativas y convocatorias. <\/p>\n","protected":false},"excerpt":{"rendered":"<p>\u00bfQuieres acceder a este contenido? Como miembro de ProTV, participar\u00e1s en la toma de decisiones de las productoras audiovisuales y acceder\u00e1s a recursos exclusivos que har\u00e1n crecer tu negocio, como estudios jornadas formativas y convocatorias.<\/p>\n","protected":false},"author":1,"featured_media":0,"parent":3751,"menu_order":0,"comment_status":"closed","ping_status":"closed","template":"page-org.php","meta":{"_acf_changed":false,"inline_featured_image":false,"footnotes":""},"class_list":["post-3837","page","type-page","status-publish","hentry"],"acf":[],"_links":{"self":[{"href":"https:\/\/proafed.com\/es\/wp-json\/wp\/v2\/pages\/3837","targetHints":{"allow":["GET"]}}],"collection":[{"href":"https:\/\/proafed.com\/es\/wp-json\/wp\/v2\/pages"}],"about":[{"href":"https:\/\/proafed.com\/es\/wp-json\/wp\/v2\/types\/page"}],"author":[{"embeddable":true,"href":"https:\/\/proafed.com\/es\/wp-json\/wp\/v2\/users\/1"}],"replies":[{"embeddable":true,"href":"https:\/\/proafed.com\/es\/wp-json\/wp\/v2\/comments?post=3837"}],"version-history":[{"count":0,"href":"https:\/\/proafed.com\/es\/wp-json\/wp\/v2\/pages\/3837\/revisions"}],"up":[{"embeddable":true,"href":"https:\/\/proafed.com\/es\/wp-json\/wp\/v2\/pages\/3751"}],"wp:attachment":[{"href":"https:\/\/proafed.com\/es\/wp-json\/wp\/v2\/media?parent=3837"}],"curies":[{"name":"wp","href":"https:\/\/api.w.org\/{rel}","templated":true}]}}