{"id":3905,"date":"2023-03-21T14:23:03","date_gmt":"2023-03-21T14:23:03","guid":{"rendered":"https:\/\/proafed.com\/new\/asociaciones\/proficcio-catalaleg\/"},"modified":"2023-06-16T14:07:08","modified_gmt":"2023-06-16T14:07:08","slug":"proficcio-catalaleg","status":"publish","type":"page","link":"https:\/\/proafed.com\/es\/asociaciones\/proficcio-catalaleg\/","title":{"rendered":"ProFicci\u00f3 Cat\u00e0leg"},"content":{"rendered":"<div class=\"wrap_play flex_wrap wrap_flex\">\n<div class=\"w60\">\n<h3 class=\"narrow play\">PLAY THE REEL<\/h3>\n<\/div>\n<div class=\"w40\">\n<p>Talento, imaginaci\u00f3n, diversidad, innovaci\u00f3n, compromiso, entretenimiento&#8230; Esta es la materia prima con la que trabajan las m\u00e1s de 200 productoras independientes que forman parte de PROA. \u00bfQuieres descubrir sus \u00faltimos trabajos?<\/p>\n<\/div>\n<\/div>\n<div class=\"clear2\"><\/div>\n<div class=\"wrap_embed\"><iframe src=\"https:\/\/www.youtube.com\/embed\/3AJ-l5hj8jU?autoplay=1&#038;loop=1&#038;modestbranding=1&#038;iv_load_policy=3&#038;disablekb=1&#038;fs=0&#038;color=white\" width=\"1920\" height=\"1080\" frameborder=\"0\"><\/iframe><\/p>\n<\/div>\n","protected":false},"excerpt":{"rendered":"<p>PLAY THE REEL Talento, imaginaci\u00f3n, diversidad, innovaci\u00f3n, compromiso, entretenimiento&#8230; Esta es la materia prima con la que trabajan las m\u00e1s de 200 productoras independientes que forman parte de PROA. \u00bfQuieres descubrir sus \u00faltimos trabajos?<\/p>\n","protected":false},"author":1,"featured_media":0,"parent":3751,"menu_order":0,"comment_status":"closed","ping_status":"closed","template":"page-cataleg.php","meta":{"_acf_changed":false,"inline_featured_image":false,"footnotes":""},"class_list":["post-3905","page","type-page","status-publish","hentry"],"acf":[],"_links":{"self":[{"href":"https:\/\/proafed.com\/es\/wp-json\/wp\/v2\/pages\/3905","targetHints":{"allow":["GET"]}}],"collection":[{"href":"https:\/\/proafed.com\/es\/wp-json\/wp\/v2\/pages"}],"about":[{"href":"https:\/\/proafed.com\/es\/wp-json\/wp\/v2\/types\/page"}],"author":[{"embeddable":true,"href":"https:\/\/proafed.com\/es\/wp-json\/wp\/v2\/users\/1"}],"replies":[{"embeddable":true,"href":"https:\/\/proafed.com\/es\/wp-json\/wp\/v2\/comments?post=3905"}],"version-history":[{"count":0,"href":"https:\/\/proafed.com\/es\/wp-json\/wp\/v2\/pages\/3905\/revisions"}],"up":[{"embeddable":true,"href":"https:\/\/proafed.com\/es\/wp-json\/wp\/v2\/pages\/3751"}],"wp:attachment":[{"href":"https:\/\/proafed.com\/es\/wp-json\/wp\/v2\/media?parent=3905"}],"curies":[{"name":"wp","href":"https:\/\/api.w.org\/{rel}","templated":true}]}}