{"id":3914,"date":"2023-03-20T10:55:11","date_gmt":"2023-03-20T10:55:11","guid":{"rendered":"https:\/\/proafed.com\/new\/asociaciones\/proficcio-documentacio\/"},"modified":"2023-06-16T14:06:24","modified_gmt":"2023-06-16T14:06:24","slug":"proficcio-documentacion","status":"publish","type":"page","link":"https:\/\/proafed.com\/es\/asociaciones\/proficcio-documentacion\/","title":{"rendered":"ProFicci\u00f3 Documentaci\u00f3n"},"content":{"rendered":"<p class=\"narrow600 center upper s36\">\u00bfQuieres acceder a este contenido?<\/p>\n<p>Como miembro de ProFicci\u00f3, participar\u00e1s en la toma de decisiones de las productoras audiovisuales y acceder\u00e1s a recursos exclusivos que har\u00e1n crecer tu negocio, como estudios jornadas formativas y convocatorias. <\/p>\n","protected":false},"excerpt":{"rendered":"<p>\u00bfQuieres acceder a este contenido? Como miembro de ProFicci\u00f3, participar\u00e1s en la toma de decisiones de las productoras audiovisuales y acceder\u00e1s a recursos exclusivos que har\u00e1n crecer tu negocio, como estudios jornadas formativas y convocatorias.<\/p>\n","protected":false},"author":1,"featured_media":0,"parent":3751,"menu_order":0,"comment_status":"closed","ping_status":"closed","template":"page-org.php","meta":{"_acf_changed":false,"inline_featured_image":false,"footnotes":""},"class_list":["post-3914","page","type-page","status-publish","hentry"],"acf":[],"_links":{"self":[{"href":"https:\/\/proafed.com\/es\/wp-json\/wp\/v2\/pages\/3914","targetHints":{"allow":["GET"]}}],"collection":[{"href":"https:\/\/proafed.com\/es\/wp-json\/wp\/v2\/pages"}],"about":[{"href":"https:\/\/proafed.com\/es\/wp-json\/wp\/v2\/types\/page"}],"author":[{"embeddable":true,"href":"https:\/\/proafed.com\/es\/wp-json\/wp\/v2\/users\/1"}],"replies":[{"embeddable":true,"href":"https:\/\/proafed.com\/es\/wp-json\/wp\/v2\/comments?post=3914"}],"version-history":[{"count":0,"href":"https:\/\/proafed.com\/es\/wp-json\/wp\/v2\/pages\/3914\/revisions"}],"up":[{"embeddable":true,"href":"https:\/\/proafed.com\/es\/wp-json\/wp\/v2\/pages\/3751"}],"wp:attachment":[{"href":"https:\/\/proafed.com\/es\/wp-json\/wp\/v2\/media?parent=3914"}],"curies":[{"name":"wp","href":"https:\/\/api.w.org\/{rel}","templated":true}]}}