{"id":4365,"date":"2023-03-03T15:45:53","date_gmt":"2023-03-03T15:45:53","guid":{"rendered":"https:\/\/proafed.com\/new\/accions-proa\/"},"modified":"2023-06-14T17:16:38","modified_gmt":"2023-06-14T17:16:38","slug":"acciones-proa","status":"publish","type":"page","link":"https:\/\/proafed.com\/es\/acciones-proa\/","title":{"rendered":"Acciones"},"content":{"rendered":"<div class=\"festesoci center\">\n<p class=\"narrow600 s36 upper\">\u00a1TEN VOZ!<\/p>\n<p class=\"narrow s24\">\u00bfQuieres saber en qu\u00e9 estamos trabajando ahora?<\/p>\n<p class=\"call\">\u00danete para formar parte de las decisiones y reivindicaciones de la producci\u00f3n independiente y para hacer red con otras productoras<\/p>\n<div class=\"center\"><a class=\"boto-linia center negative\" href=\"https:\/\/proafed.com\/new\/es\/hazte-socio\/\" data-aos=\"fade-in\" data-aos-duration=\"1500\">ASOCIATE<\/a><\/div>\n<\/div>\n","protected":false},"excerpt":{"rendered":"<p>\u00a1TEN VOZ! \u00bfQuieres saber en qu\u00e9 estamos trabajando ahora? \u00danete para formar parte de las decisiones y reivindicaciones de la producci\u00f3n independiente y para hacer red con otras productoras ASOCIATE<\/p>\n","protected":false},"author":1,"featured_media":0,"parent":0,"menu_order":0,"comment_status":"closed","ping_status":"closed","template":"page-accions.php","meta":{"_acf_changed":false,"inline_featured_image":false,"footnotes":""},"class_list":["post-4365","page","type-page","status-publish","hentry"],"acf":[],"_links":{"self":[{"href":"https:\/\/proafed.com\/es\/wp-json\/wp\/v2\/pages\/4365","targetHints":{"allow":["GET"]}}],"collection":[{"href":"https:\/\/proafed.com\/es\/wp-json\/wp\/v2\/pages"}],"about":[{"href":"https:\/\/proafed.com\/es\/wp-json\/wp\/v2\/types\/page"}],"author":[{"embeddable":true,"href":"https:\/\/proafed.com\/es\/wp-json\/wp\/v2\/users\/1"}],"replies":[{"embeddable":true,"href":"https:\/\/proafed.com\/es\/wp-json\/wp\/v2\/comments?post=4365"}],"version-history":[{"count":0,"href":"https:\/\/proafed.com\/es\/wp-json\/wp\/v2\/pages\/4365\/revisions"}],"wp:attachment":[{"href":"https:\/\/proafed.com\/es\/wp-json\/wp\/v2\/media?parent=4365"}],"curies":[{"name":"wp","href":"https:\/\/api.w.org\/{rel}","templated":true}]}}